{"id":75,"date":"2024-10-31T17:24:49","date_gmt":"2024-10-31T17:24:49","guid":{"rendered":"https:\/\/www.stoptonsilstones.com\/?page_id=75"},"modified":"2024-10-31T17:28:42","modified_gmt":"2024-10-31T17:28:42","slug":"politique-de-remboursement","status":"publish","type":"page","link":"https:\/\/www.stoptonsilstones.com\/fr\/politique-de-remboursement\/","title":{"rendered":"Politique de remboursement"},"content":{"rendered":"<p>Merci d&rsquo;avoir effectu\u00e9 votre achat sur StopTonsilStones. Nous nous engageons \u00e0 fournir des ebooks de haute qualit\u00e9 qui r\u00e9pondent \u00e0 vos attentes. Cependant, si vous n\u2019\u00eates pas enti\u00e8rement satisfait de votre achat, nous proposons une politique de remboursement selon les conditions suivantes :<\/p>\n<h3>\u00c9ligibilit\u00e9 au Remboursement<\/h3>\n<ul>\n<li><strong>P\u00e9riode de Satisfaction de 30 Jours<\/strong> : Les demandes de remboursement ne sont \u00e9ligibles qu\u2019apr\u00e8s un d\u00e9lai minimum de 30 jours suivant la date d\u2019achat. Ce d\u00e9lai vous permet d\u2019\u00e9valuer et de profiter pleinement de votre ebook.<\/li>\n<li><strong>D\u00e9lai de Demande de Remboursement<\/strong> : Les demandes de remboursement doivent \u00eatre effectu\u00e9es dans les 14 jours suivant la p\u00e9riode de satisfaction de 30 jours.<\/li>\n<\/ul>\n<h3>Comment Demander un Remboursement<\/h3>\n<p>Pour initier une demande de remboursement, veuillez contacter notre \u00e9quipe de support \u00e0 contact@stoptonsilstones.com, en indiquant votre num\u00e9ro de commande et une br\u00e8ve explication des raisons de votre insatisfaction. Notre \u00e9quipe examinera votre demande et vous fournira les instructions pour la suite.<\/p>\n<h3>Informations Importantes<\/h3>\n<ul>\n<li>Les remboursements seront trait\u00e9s sous [5 \u00e0 10] jours ouvrables une fois approuv\u00e9s.<\/li>\n<li>Cette politique s\u2019applique uniquement aux premiers achats d\u2019un titre d\u2019ebook.<\/li>\n<li>Les remboursements sont effectu\u00e9s selon le mode de paiement d\u2019origine.<\/li>\n<\/ul>\n<p>Merci d\u2019avoir choisi StopTonsilStones. Votre satisfaction est importante pour nous, et nous sommes l\u00e0 pour vous accompagner de toutes les mani\u00e8res possibles.<\/p>\n","protected":false},"excerpt":{"rendered":"<p>Merci d&rsquo;avoir effectu\u00e9 votre achat sur StopTonsilStones. Nous nous engageons \u00e0 fournir des ebooks de haute qualit\u00e9 qui r\u00e9pondent \u00e0 vos attentes. Cependant, si vous n\u2019\u00eates pas enti\u00e8rement satisfait de votre achat, nous proposons une politique de remboursement selon les conditions suivantes : \u00c9ligibilit\u00e9 au Remboursement P\u00e9riode de Satisfaction de 30 Jours : Les demandes [&hellip;]<\/p>\n","protected":false},"author":1,"featured_media":0,"parent":0,"menu_order":0,"comment_status":"closed","ping_status":"closed","template":"","meta":{"powered_cache_disable_cache":false,"footnotes":""},"class_list":["post-75","page","type-page","status-publish","hentry"],"yoast_head":"<!-- This site is optimized with the Yoast SEO plugin v23.7 - https:\/\/yoast.com\/wordpress\/plugins\/seo\/ -->\n<title>Politique de remboursement - StopTonsilStones<\/title>\n<meta name=\"robots\" content=\"noindex, nofollow\" \/>\n<meta property=\"og:locale\" content=\"fr_FR\" \/>\n<meta property=\"og:type\" content=\"article\" \/>\n<meta property=\"og:title\" content=\"Politique de remboursement - StopTonsilStones\" \/>\n<meta property=\"og:description\" content=\"Merci d&rsquo;avoir effectu\u00e9 votre achat sur StopTonsilStones. Nous nous engageons \u00e0 fournir des ebooks de haute qualit\u00e9 qui r\u00e9pondent \u00e0 vos attentes. Cependant, si vous n\u2019\u00eates pas enti\u00e8rement satisfait de votre achat, nous proposons une politique de remboursement selon les conditions suivantes : \u00c9ligibilit\u00e9 au Remboursement P\u00e9riode de Satisfaction de 30 Jours : Les demandes [&hellip;]\" \/>\n<meta property=\"og:url\" content=\"https:\/\/www.stoptonsilstones.com\/fr\/politique-de-remboursement\/\" \/>\n<meta property=\"og:site_name\" content=\"StopTonsilStones\" \/>\n<meta property=\"article:modified_time\" content=\"2024-10-31T17:28:42+00:00\" \/>\n<meta name=\"twitter:card\" content=\"summary_large_image\" \/>\n<meta name=\"twitter:label1\" content=\"Dur\u00e9e de lecture estim\u00e9e\" \/>\n\t<meta name=\"twitter:data1\" content=\"1 minute\" \/>\n<script type=\"application\/ld+json\" class=\"yoast-schema-graph\">{\"@context\":\"https:\/\/schema.org\",\"@graph\":[{\"@type\":\"WebPage\",\"@id\":\"https:\/\/www.stoptonsilstones.com\/fr\/politique-de-remboursement\/\",\"url\":\"https:\/\/www.stoptonsilstones.com\/fr\/politique-de-remboursement\/\",\"name\":\"Politique de remboursement - StopTonsilStones\",\"isPartOf\":{\"@id\":\"https:\/\/www.stoptonsilstones.com\/fr\/#website\"},\"datePublished\":\"2024-10-31T17:24:49+00:00\",\"dateModified\":\"2024-10-31T17:28:42+00:00\",\"breadcrumb\":{\"@id\":\"https:\/\/www.stoptonsilstones.com\/fr\/politique-de-remboursement\/#breadcrumb\"},\"inLanguage\":\"fr-FR\",\"potentialAction\":[{\"@type\":\"ReadAction\",\"target\":[\"https:\/\/www.stoptonsilstones.com\/fr\/politique-de-remboursement\/\"]}]},{\"@type\":\"BreadcrumbList\",\"@id\":\"https:\/\/www.stoptonsilstones.com\/fr\/politique-de-remboursement\/#breadcrumb\",\"itemListElement\":[{\"@type\":\"ListItem\",\"position\":1,\"name\":\"Home\",\"item\":\"https:\/\/www.stoptonsilstones.com\/fr\/\"},{\"@type\":\"ListItem\",\"position\":2,\"name\":\"Politique de remboursement\"}]},{\"@type\":\"WebSite\",\"@id\":\"https:\/\/www.stoptonsilstones.com\/fr\/#website\",\"url\":\"https:\/\/www.stoptonsilstones.com\/fr\/\",\"name\":\"StopTonsilStones\",\"description\":\"Everything you need to know to get rid of tonsil stones.\",\"publisher\":{\"@id\":\"https:\/\/www.stoptonsilstones.com\/fr\/#organization\"},\"potentialAction\":[{\"@type\":\"SearchAction\",\"target\":{\"@type\":\"EntryPoint\",\"urlTemplate\":\"https:\/\/www.stoptonsilstones.com\/fr\/?s={search_term_string}\"},\"query-input\":{\"@type\":\"PropertyValueSpecification\",\"valueRequired\":true,\"valueName\":\"search_term_string\"}}],\"inLanguage\":\"fr-FR\"},{\"@type\":\"Organization\",\"@id\":\"https:\/\/www.stoptonsilstones.com\/fr\/#organization\",\"name\":\"StopTonsilStones\",\"url\":\"https:\/\/www.stoptonsilstones.com\/fr\/\",\"logo\":{\"@type\":\"ImageObject\",\"inLanguage\":\"fr-FR\",\"@id\":\"https:\/\/www.stoptonsilstones.com\/fr\/#\/schema\/logo\/image\/\",\"url\":\"https:\/\/www.stoptonsilstones.com\/wp-content\/uploads\/2024\/10\/1024.png\",\"contentUrl\":\"https:\/\/www.stoptonsilstones.com\/wp-content\/uploads\/2024\/10\/1024.png\",\"width\":1024,\"height\":1024,\"caption\":\"StopTonsilStones\"},\"image\":{\"@id\":\"https:\/\/www.stoptonsilstones.com\/fr\/#\/schema\/logo\/image\/\"}}]}<\/script>\n<!-- \/ Yoast SEO plugin. -->","yoast_head_json":{"title":"Politique de remboursement - StopTonsilStones","robots":{"index":"noindex","follow":"nofollow"},"og_locale":"fr_FR","og_type":"article","og_title":"Politique de remboursement - StopTonsilStones","og_description":"Merci d&rsquo;avoir effectu\u00e9 votre achat sur StopTonsilStones. Nous nous engageons \u00e0 fournir des ebooks de haute qualit\u00e9 qui r\u00e9pondent \u00e0 vos attentes. Cependant, si vous n\u2019\u00eates pas enti\u00e8rement satisfait de votre achat, nous proposons une politique de remboursement selon les conditions suivantes : \u00c9ligibilit\u00e9 au Remboursement P\u00e9riode de Satisfaction de 30 Jours : Les demandes [&hellip;]","og_url":"https:\/\/www.stoptonsilstones.com\/fr\/politique-de-remboursement\/","og_site_name":"StopTonsilStones","article_modified_time":"2024-10-31T17:28:42+00:00","twitter_card":"summary_large_image","twitter_misc":{"Dur\u00e9e de lecture estim\u00e9e":"1 minute"},"schema":{"@context":"https:\/\/schema.org","@graph":[{"@type":"WebPage","@id":"https:\/\/www.stoptonsilstones.com\/fr\/politique-de-remboursement\/","url":"https:\/\/www.stoptonsilstones.com\/fr\/politique-de-remboursement\/","name":"Politique de remboursement - StopTonsilStones","isPartOf":{"@id":"https:\/\/www.stoptonsilstones.com\/fr\/#website"},"datePublished":"2024-10-31T17:24:49+00:00","dateModified":"2024-10-31T17:28:42+00:00","breadcrumb":{"@id":"https:\/\/www.stoptonsilstones.com\/fr\/politique-de-remboursement\/#breadcrumb"},"inLanguage":"fr-FR","potentialAction":[{"@type":"ReadAction","target":["https:\/\/www.stoptonsilstones.com\/fr\/politique-de-remboursement\/"]}]},{"@type":"BreadcrumbList","@id":"https:\/\/www.stoptonsilstones.com\/fr\/politique-de-remboursement\/#breadcrumb","itemListElement":[{"@type":"ListItem","position":1,"name":"Home","item":"https:\/\/www.stoptonsilstones.com\/fr\/"},{"@type":"ListItem","position":2,"name":"Politique de remboursement"}]},{"@type":"WebSite","@id":"https:\/\/www.stoptonsilstones.com\/fr\/#website","url":"https:\/\/www.stoptonsilstones.com\/fr\/","name":"StopTonsilStones","description":"Everything you need to know to get rid of tonsil stones.","publisher":{"@id":"https:\/\/www.stoptonsilstones.com\/fr\/#organization"},"potentialAction":[{"@type":"SearchAction","target":{"@type":"EntryPoint","urlTemplate":"https:\/\/www.stoptonsilstones.com\/fr\/?s={search_term_string}"},"query-input":{"@type":"PropertyValueSpecification","valueRequired":true,"valueName":"search_term_string"}}],"inLanguage":"fr-FR"},{"@type":"Organization","@id":"https:\/\/www.stoptonsilstones.com\/fr\/#organization","name":"StopTonsilStones","url":"https:\/\/www.stoptonsilstones.com\/fr\/","logo":{"@type":"ImageObject","inLanguage":"fr-FR","@id":"https:\/\/www.stoptonsilstones.com\/fr\/#\/schema\/logo\/image\/","url":"https:\/\/www.stoptonsilstones.com\/wp-content\/uploads\/2024\/10\/1024.png","contentUrl":"https:\/\/www.stoptonsilstones.com\/wp-content\/uploads\/2024\/10\/1024.png","width":1024,"height":1024,"caption":"StopTonsilStones"},"image":{"@id":"https:\/\/www.stoptonsilstones.com\/fr\/#\/schema\/logo\/image\/"}}]}},"_links":{"self":[{"href":"https:\/\/www.stoptonsilstones.com\/fr\/wp-json\/wp\/v2\/pages\/75","targetHints":{"allow":["GET"]}}],"collection":[{"href":"https:\/\/www.stoptonsilstones.com\/fr\/wp-json\/wp\/v2\/pages"}],"about":[{"href":"https:\/\/www.stoptonsilstones.com\/fr\/wp-json\/wp\/v2\/types\/page"}],"author":[{"embeddable":true,"href":"https:\/\/www.stoptonsilstones.com\/fr\/wp-json\/wp\/v2\/users\/1"}],"replies":[{"embeddable":true,"href":"https:\/\/www.stoptonsilstones.com\/fr\/wp-json\/wp\/v2\/comments?post=75"}],"version-history":[{"count":1,"href":"https:\/\/www.stoptonsilstones.com\/fr\/wp-json\/wp\/v2\/pages\/75\/revisions"}],"predecessor-version":[{"id":76,"href":"https:\/\/www.stoptonsilstones.com\/fr\/wp-json\/wp\/v2\/pages\/75\/revisions\/76"}],"wp:attachment":[{"href":"https:\/\/www.stoptonsilstones.com\/fr\/wp-json\/wp\/v2\/media?parent=75"}],"curies":[{"name":"wp","href":"https:\/\/api.w.org\/{rel}","templated":true}]}}