{"id":53,"date":"2024-10-31T17:04:20","date_gmt":"2024-10-31T17:04:20","guid":{"rendered":"https:\/\/www.stoptonsilstones.com\/?page_id=53"},"modified":"2024-10-31T17:14:49","modified_gmt":"2024-10-31T17:14:49","slug":"mentions-legales","status":"publish","type":"page","link":"https:\/\/www.stoptonsilstones.com\/fr\/mentions-legales\/","title":{"rendered":"Mentions l\u00e9gales"},"content":{"rendered":"<h2>\u00c9diteur<\/h2>\n<p id=\"c-info\">EI Mathieu Obert<br \/>\n9, rue de l&rsquo;ind\u00e9pendance am\u00e9ricaine<br \/>\n78000 Versailles, France<br \/>\nSIREN: 800 786 543<br \/>\nNum\u00e9ro de TVA: FR23800786543<br \/>\nNum\u00e9ro d&rsquo;immatriculation RCS : 800 786 543<\/p>\n<p>Web Master: Mathieu Obert<br \/>\n+33977796826<\/p>\n<h2>H\u00e9bergement<\/h2>\n<p>OVH<br \/>\n2 rue Kellermann<br \/>\n59100 Roubaix, France<br \/>\nSIRET: 424 761 419 00045<\/p>\n<h2>Contact<\/h2>\n<p>Si vous avez une question, vous pouvez nous contacter \u00e0\u00a0<a href=\"mailto:contact@stoptonsilstones.com\">contact@stoptonsilstones.com<\/a>.<\/p>\n","protected":false},"excerpt":{"rendered":"<p>\u00c9diteur EI Mathieu Obert 9, rue de l&rsquo;ind\u00e9pendance am\u00e9ricaine 78000 Versailles, France SIREN: 800 786 543 Num\u00e9ro de TVA: FR23800786543 Num\u00e9ro d&rsquo;immatriculation RCS : 800 786 543 Web Master: Mathieu Obert +33977796826 H\u00e9bergement OVH 2 rue Kellermann 59100 Roubaix, France SIRET: 424 761 419 00045 Contact Si vous avez une question, vous pouvez nous contacter [&hellip;]<\/p>\n","protected":false},"author":1,"featured_media":0,"parent":0,"menu_order":0,"comment_status":"closed","ping_status":"closed","template":"","meta":{"powered_cache_disable_cache":false,"footnotes":""},"class_list":["post-53","page","type-page","status-publish","hentry"],"yoast_head":"<!-- This site is optimized with the Yoast SEO plugin v23.7 - https:\/\/yoast.com\/wordpress\/plugins\/seo\/ -->\n<title>Mentions l\u00e9gales - StopTonsilStones<\/title>\n<meta name=\"robots\" content=\"noindex, nofollow\" \/>\n<meta property=\"og:locale\" content=\"fr_FR\" \/>\n<meta property=\"og:type\" content=\"article\" \/>\n<meta property=\"og:title\" content=\"Mentions l\u00e9gales - StopTonsilStones\" \/>\n<meta property=\"og:description\" content=\"\u00c9diteur EI Mathieu Obert 9, rue de l&rsquo;ind\u00e9pendance am\u00e9ricaine 78000 Versailles, France SIREN: 800 786 543 Num\u00e9ro de TVA: FR23800786543 Num\u00e9ro d&rsquo;immatriculation RCS : 800 786 543 Web Master: Mathieu Obert +33977796826 H\u00e9bergement OVH 2 rue Kellermann 59100 Roubaix, France SIRET: 424 761 419 00045 Contact Si vous avez une question, vous pouvez nous contacter [&hellip;]\" \/>\n<meta property=\"og:url\" content=\"https:\/\/www.stoptonsilstones.com\/fr\/mentions-legales\/\" \/>\n<meta property=\"og:site_name\" content=\"StopTonsilStones\" \/>\n<meta property=\"article:modified_time\" content=\"2024-10-31T17:14:49+00:00\" \/>\n<meta name=\"twitter:card\" content=\"summary_large_image\" \/>\n<meta name=\"twitter:label1\" content=\"Dur\u00e9e de lecture estim\u00e9e\" \/>\n\t<meta name=\"twitter:data1\" content=\"1 minute\" \/>\n<script type=\"application\/ld+json\" class=\"yoast-schema-graph\">{\"@context\":\"https:\/\/schema.org\",\"@graph\":[{\"@type\":\"WebPage\",\"@id\":\"https:\/\/www.stoptonsilstones.com\/fr\/mentions-legales\/\",\"url\":\"https:\/\/www.stoptonsilstones.com\/fr\/mentions-legales\/\",\"name\":\"Mentions l\u00e9gales - StopTonsilStones\",\"isPartOf\":{\"@id\":\"https:\/\/www.stoptonsilstones.com\/fr\/#website\"},\"datePublished\":\"2024-10-31T17:04:20+00:00\",\"dateModified\":\"2024-10-31T17:14:49+00:00\",\"breadcrumb\":{\"@id\":\"https:\/\/www.stoptonsilstones.com\/fr\/mentions-legales\/#breadcrumb\"},\"inLanguage\":\"fr-FR\",\"potentialAction\":[{\"@type\":\"ReadAction\",\"target\":[\"https:\/\/www.stoptonsilstones.com\/fr\/mentions-legales\/\"]}]},{\"@type\":\"BreadcrumbList\",\"@id\":\"https:\/\/www.stoptonsilstones.com\/fr\/mentions-legales\/#breadcrumb\",\"itemListElement\":[{\"@type\":\"ListItem\",\"position\":1,\"name\":\"Home\",\"item\":\"https:\/\/www.stoptonsilstones.com\/fr\/\"},{\"@type\":\"ListItem\",\"position\":2,\"name\":\"Mentions l\u00e9gales\"}]},{\"@type\":\"WebSite\",\"@id\":\"https:\/\/www.stoptonsilstones.com\/fr\/#website\",\"url\":\"https:\/\/www.stoptonsilstones.com\/fr\/\",\"name\":\"StopTonsilStones\",\"description\":\"Everything you need to know to get rid of tonsil stones.\",\"publisher\":{\"@id\":\"https:\/\/www.stoptonsilstones.com\/fr\/#organization\"},\"potentialAction\":[{\"@type\":\"SearchAction\",\"target\":{\"@type\":\"EntryPoint\",\"urlTemplate\":\"https:\/\/www.stoptonsilstones.com\/fr\/?s={search_term_string}\"},\"query-input\":{\"@type\":\"PropertyValueSpecification\",\"valueRequired\":true,\"valueName\":\"search_term_string\"}}],\"inLanguage\":\"fr-FR\"},{\"@type\":\"Organization\",\"@id\":\"https:\/\/www.stoptonsilstones.com\/fr\/#organization\",\"name\":\"StopTonsilStones\",\"url\":\"https:\/\/www.stoptonsilstones.com\/fr\/\",\"logo\":{\"@type\":\"ImageObject\",\"inLanguage\":\"fr-FR\",\"@id\":\"https:\/\/www.stoptonsilstones.com\/fr\/#\/schema\/logo\/image\/\",\"url\":\"https:\/\/www.stoptonsilstones.com\/wp-content\/uploads\/2024\/10\/1024.png\",\"contentUrl\":\"https:\/\/www.stoptonsilstones.com\/wp-content\/uploads\/2024\/10\/1024.png\",\"width\":1024,\"height\":1024,\"caption\":\"StopTonsilStones\"},\"image\":{\"@id\":\"https:\/\/www.stoptonsilstones.com\/fr\/#\/schema\/logo\/image\/\"}}]}<\/script>\n<!-- \/ Yoast SEO plugin. -->","yoast_head_json":{"title":"Mentions l\u00e9gales - StopTonsilStones","robots":{"index":"noindex","follow":"nofollow"},"og_locale":"fr_FR","og_type":"article","og_title":"Mentions l\u00e9gales - StopTonsilStones","og_description":"\u00c9diteur EI Mathieu Obert 9, rue de l&rsquo;ind\u00e9pendance am\u00e9ricaine 78000 Versailles, France SIREN: 800 786 543 Num\u00e9ro de TVA: FR23800786543 Num\u00e9ro d&rsquo;immatriculation RCS : 800 786 543 Web Master: Mathieu Obert +33977796826 H\u00e9bergement OVH 2 rue Kellermann 59100 Roubaix, France SIRET: 424 761 419 00045 Contact Si vous avez une question, vous pouvez nous contacter [&hellip;]","og_url":"https:\/\/www.stoptonsilstones.com\/fr\/mentions-legales\/","og_site_name":"StopTonsilStones","article_modified_time":"2024-10-31T17:14:49+00:00","twitter_card":"summary_large_image","twitter_misc":{"Dur\u00e9e de lecture estim\u00e9e":"1 minute"},"schema":{"@context":"https:\/\/schema.org","@graph":[{"@type":"WebPage","@id":"https:\/\/www.stoptonsilstones.com\/fr\/mentions-legales\/","url":"https:\/\/www.stoptonsilstones.com\/fr\/mentions-legales\/","name":"Mentions l\u00e9gales - StopTonsilStones","isPartOf":{"@id":"https:\/\/www.stoptonsilstones.com\/fr\/#website"},"datePublished":"2024-10-31T17:04:20+00:00","dateModified":"2024-10-31T17:14:49+00:00","breadcrumb":{"@id":"https:\/\/www.stoptonsilstones.com\/fr\/mentions-legales\/#breadcrumb"},"inLanguage":"fr-FR","potentialAction":[{"@type":"ReadAction","target":["https:\/\/www.stoptonsilstones.com\/fr\/mentions-legales\/"]}]},{"@type":"BreadcrumbList","@id":"https:\/\/www.stoptonsilstones.com\/fr\/mentions-legales\/#breadcrumb","itemListElement":[{"@type":"ListItem","position":1,"name":"Home","item":"https:\/\/www.stoptonsilstones.com\/fr\/"},{"@type":"ListItem","position":2,"name":"Mentions l\u00e9gales"}]},{"@type":"WebSite","@id":"https:\/\/www.stoptonsilstones.com\/fr\/#website","url":"https:\/\/www.stoptonsilstones.com\/fr\/","name":"StopTonsilStones","description":"Everything you need to know to get rid of tonsil stones.","publisher":{"@id":"https:\/\/www.stoptonsilstones.com\/fr\/#organization"},"potentialAction":[{"@type":"SearchAction","target":{"@type":"EntryPoint","urlTemplate":"https:\/\/www.stoptonsilstones.com\/fr\/?s={search_term_string}"},"query-input":{"@type":"PropertyValueSpecification","valueRequired":true,"valueName":"search_term_string"}}],"inLanguage":"fr-FR"},{"@type":"Organization","@id":"https:\/\/www.stoptonsilstones.com\/fr\/#organization","name":"StopTonsilStones","url":"https:\/\/www.stoptonsilstones.com\/fr\/","logo":{"@type":"ImageObject","inLanguage":"fr-FR","@id":"https:\/\/www.stoptonsilstones.com\/fr\/#\/schema\/logo\/image\/","url":"https:\/\/www.stoptonsilstones.com\/wp-content\/uploads\/2024\/10\/1024.png","contentUrl":"https:\/\/www.stoptonsilstones.com\/wp-content\/uploads\/2024\/10\/1024.png","width":1024,"height":1024,"caption":"StopTonsilStones"},"image":{"@id":"https:\/\/www.stoptonsilstones.com\/fr\/#\/schema\/logo\/image\/"}}]}},"_links":{"self":[{"href":"https:\/\/www.stoptonsilstones.com\/fr\/wp-json\/wp\/v2\/pages\/53","targetHints":{"allow":["GET"]}}],"collection":[{"href":"https:\/\/www.stoptonsilstones.com\/fr\/wp-json\/wp\/v2\/pages"}],"about":[{"href":"https:\/\/www.stoptonsilstones.com\/fr\/wp-json\/wp\/v2\/types\/page"}],"author":[{"embeddable":true,"href":"https:\/\/www.stoptonsilstones.com\/fr\/wp-json\/wp\/v2\/users\/1"}],"replies":[{"embeddable":true,"href":"https:\/\/www.stoptonsilstones.com\/fr\/wp-json\/wp\/v2\/comments?post=53"}],"version-history":[{"count":3,"href":"https:\/\/www.stoptonsilstones.com\/fr\/wp-json\/wp\/v2\/pages\/53\/revisions"}],"predecessor-version":[{"id":57,"href":"https:\/\/www.stoptonsilstones.com\/fr\/wp-json\/wp\/v2\/pages\/53\/revisions\/57"}],"wp:attachment":[{"href":"https:\/\/www.stoptonsilstones.com\/fr\/wp-json\/wp\/v2\/media?parent=53"}],"curies":[{"name":"wp","href":"https:\/\/api.w.org\/{rel}","templated":true}]}}